{"id":2691,"date":"2023-09-17T07:38:47","date_gmt":"2023-09-17T07:38:47","guid":{"rendered":"https:\/\/jazzband-berlin.org\/?page_id=2691"},"modified":"2024-08-05T12:09:49","modified_gmt":"2024-08-05T12:09:49","slug":"stand-arts-vocaljazz","status":"publish","type":"page","link":"https:\/\/jazzband-berlin.org\/?page_id=2691","title":{"rendered":"STAND-ARTS VocalJazz &#8211; Finest Jazz &amp; Swing for your Event &#8211; Great Music"},"content":{"rendered":"\n<h2 class=\"wp-block-heading has-x-large-font-size\" style=\"font-style:normal;font-weight:300\">STAND-ARTS VocalJazz<\/h2>\n\n\n\n<figure class=\"wp-block-embed is-type-video is-provider-youtube wp-block-embed-youtube wp-embed-aspect-16-9 wp-has-aspect-ratio\"><div class=\"wp-block-embed__wrapper\">\n<iframe loading=\"lazy\" title=\"JazzBand Berlin - STAND-ARTS - Teaser 2023 - Quintett\" width=\"720\" height=\"405\" src=\"https:\/\/www.youtube.com\/embed\/QElp5Bb3yT8?feature=oembed\" frameborder=\"0\" allow=\"accelerometer; autoplay; clipboard-write; encrypted-media; gyroscope; picture-in-picture; web-share\" referrerpolicy=\"strict-origin-when-cross-origin\" allowfullscreen><\/iframe>\n<\/div><figcaption class=\"wp-element-caption\">JazzBand STAND-ARTS &#8211; VocalJazz Teaser 2023<\/figcaption><\/figure>\n\n\n\n<p class=\"has-black-color has-text-color has-medium-font-size\">STAND-ARTS stehen seit 2002 f\u00fcr erstklassigen VocalJazz. Die international besetze Band spielt neben den Klassikern aus Jazz, Swing und Bossa auch Chansons, Soul und Pop<\/p>\n\n\n\n<div class=\"wp-block-columns is-layout-flex wp-container-core-columns-is-layout-1 wp-block-columns-is-layout-flex\">\n<div class=\"wp-block-column is-layout-flow wp-block-column-is-layout-flow\">\n<figure class=\"wp-block-embed is-type-video is-provider-youtube wp-block-embed-youtube wp-embed-aspect-16-9 wp-has-aspect-ratio\"><div class=\"wp-block-embed__wrapper\">\n<iframe loading=\"lazy\" title=\"JazzBand-Berlin  - STAND-ARTS  &quot;Blue Skies&quot;\" width=\"720\" height=\"405\" src=\"https:\/\/www.youtube.com\/embed\/t2Bp0M2s-Z4?feature=oembed\" frameborder=\"0\" allow=\"accelerometer; autoplay; clipboard-write; encrypted-media; gyroscope; picture-in-picture; web-share\" referrerpolicy=\"strict-origin-when-cross-origin\" allowfullscreen><\/iframe>\n<\/div><figcaption class=\"wp-element-caption\">Quintett &#8222;Blue Skies&#8220;<\/figcaption><\/figure>\n<\/div>\n\n\n\n<div class=\"wp-block-column is-layout-flow wp-block-column-is-layout-flow\">\n<figure class=\"wp-block-embed is-type-video is-provider-youtube wp-block-embed-youtube wp-embed-aspect-16-9 wp-has-aspect-ratio\"><div class=\"wp-block-embed__wrapper\">\n<iframe loading=\"lazy\" title=\"JazzBand-Berlin  - STAND-ARTS  &quot;Black Orpheus&quot;\" width=\"720\" height=\"405\" src=\"https:\/\/www.youtube.com\/embed\/Iuibzg8CfDM?feature=oembed\" frameborder=\"0\" allow=\"accelerometer; autoplay; clipboard-write; encrypted-media; gyroscope; picture-in-picture; web-share\" referrerpolicy=\"strict-origin-when-cross-origin\" allowfullscreen><\/iframe>\n<\/div><figcaption class=\"wp-element-caption\">Quartett &#8211; &#8222;Black Orpheus&#8220;<\/figcaption><\/figure>\n<\/div>\n\n\n\n<div class=\"wp-block-column is-layout-flow wp-block-column-is-layout-flow\">\n<figure class=\"wp-block-embed is-type-video is-provider-youtube wp-block-embed-youtube wp-embed-aspect-16-9 wp-has-aspect-ratio\"><div class=\"wp-block-embed__wrapper\">\n<iframe loading=\"lazy\" title=\"JazzBand-Berlin  - STAND-ARTS  &quot;All or Nothing at All&quot;\" width=\"720\" height=\"405\" src=\"https:\/\/www.youtube.com\/embed\/RpARh1nNYOY?feature=oembed\" frameborder=\"0\" allow=\"accelerometer; autoplay; clipboard-write; encrypted-media; gyroscope; picture-in-picture; web-share\" referrerpolicy=\"strict-origin-when-cross-origin\" allowfullscreen><\/iframe>\n<\/div><figcaption class=\"wp-element-caption\">Quintett &#8211; &#8222;All or Nothing at All&#8220;<\/figcaption><\/figure>\n<\/div>\n<\/div>\n\n\n\n<p class=\"has-black-color has-text-color has-link-color has-medium-font-size wp-elements-d34d621b234e95cdd4f5ab3e237154c6\"><strong>STAND-ARTS<\/strong>\u00a0sind eine der renommiertesten und versiertesten Jazz- &amp; Swingbands Deutschlands.Die Band verf\u00fcgt \u00fcber die besten Referenzen und hat sich seit 2002 die stilvolle und professionelle musikalische Umrahmung von gehobenen Events und Feierlichkeiten zur Aufgabe gemacht, sie spielt in verschiedenen Besetzungsvarianten, als Duo, als Trio, Quartett oder Quintett, Instrumental und mit Gesang ganz wie Sie es w\u00fcnschen und der Rahmen ihrer Veranstaltung oder Feier verlangt. STAND-ARTS sind bundesweit buchbar und sind seit vielen Jahren regelm\u00e4\u00dfig zwischen Events \u2013 Konzertb\u00fchnen bishin zu Wohnzimmerkonzerten unterwegs. Die international besetzte Band bietet eine breite Palette verschiedener musikalischer Stilistiken an.<\/p>\n\n\n\n<p>Die in Lausanne geborene S\u00e4ngerin Malika Alaoui war f\u00fcr mehr als sechs Jahre mit dem \u201eCirque du Soleil\u201c auf der ganzen Welt unterwegs. Sie sang die Hauptrolle in der Show \u201eAlegr\u00eda\u201c, eine der erfolgreichsten B\u00fchnenproduktionen, die es je gab. Sie hat mit Gr\u00f6\u00dfen wie Stuart Hamm und Robert Fripp zusammengearbeitet und kaum ein Genre der Musik d\u00fcrfte ihr fremd sein.<br>Heute spielt sie mit STAND-ARTS ein Programm bestehend aus bekannten und weniger bekannten Songs aus Jazz, Swing, Blues und Bossa.<br>An ihrer Seite sind der Berliner Gitarristen Andreas G\u00e4bel, der seine Gitarre in der Tradition von Kenny Burrell, Wes Montgomery, Barney Kessel spielt, Robin Draganic seit Jahren eine Institution am Kontrabass und dem international erfahrenen Schlagzeuger Stefan Thimm,<br>Vielleicht l\u00e4\u00dft Malika sich ja dazu \u00fcberreden den ein oder anderen Chanson in einem jazzigen Gewand zu pr\u00e4sentieren&#8220; STAND-ARTS spielen ein Programm bestehend aus bekannten und weniger bekannten Songs aus Jazz, Swing, Blues und Bossa.<br>An ihrer Seite sind der Berliner Gitarristen Andreas G\u00e4bel, der seine Gitarre in der Tradition von Kenny Burrell, Wes Montgomery, Barney Kessel spielt, Robin Draganic seit Jahren eine Institution am Kontrabass und dem Schlagzeuger Stefan Thimm.<br>Vielleicht l\u00e4\u00dft Malika sich ja dazu \u00fcberreden den ein oder anderen Chanson in einem jazzigen Gewand zu pr\u00e4sentieren<\/p>\n\n\n\n<p><a href=\"https:\/\/jazzband-berlin.org\/?page_id=2285\" title=\"Kontakt &amp; Booking\">Kontakt &amp; Booking<\/a><\/p>\n\n\n\n<p><a href=\"http:\/\/www.VocalJazzDuo.de \">http:\/\/www.VocalJazzDuo.de <\/a><\/p>\n","protected":false},"excerpt":{"rendered":"<p>STAND-ARTS VocalJazz STAND-ARTS stehen seit 2002 f\u00fcr erstklassigen VocalJazz. Die international besetze Band spielt neben den Klassikern aus Jazz, Swing und Bossa auch Chansons, Soul und Pop STAND-ARTS\u00a0sind eine der renommiertesten und versiertesten Jazz- &amp; Swingbands Deutschlands.Die Band verf\u00fcgt \u00fcber die besten Referenzen und hat sich seit 2002 die stilvolle und professionelle musikalische Umrahmung von [&hellip;]<\/p>\n","protected":false},"author":1,"featured_media":0,"parent":0,"menu_order":0,"comment_status":"closed","ping_status":"closed","template":"","meta":{"om_disable_all_campaigns":false,"_monsterinsights_skip_tracking":false,"_monsterinsights_sitenote_active":false,"_monsterinsights_sitenote_note":"","_monsterinsights_sitenote_category":0,"_themeisle_gutenberg_block_has_review":false,"footnotes":""},"class_list":["post-2691","page","type-page","status-publish","hentry","post"],"aioseo_notices":[],"_links":{"self":[{"href":"https:\/\/jazzband-berlin.org\/index.php?rest_route=\/wp\/v2\/pages\/2691","targetHints":{"allow":["GET"]}}],"collection":[{"href":"https:\/\/jazzband-berlin.org\/index.php?rest_route=\/wp\/v2\/pages"}],"about":[{"href":"https:\/\/jazzband-berlin.org\/index.php?rest_route=\/wp\/v2\/types\/page"}],"author":[{"embeddable":true,"href":"https:\/\/jazzband-berlin.org\/index.php?rest_route=\/wp\/v2\/users\/1"}],"replies":[{"embeddable":true,"href":"https:\/\/jazzband-berlin.org\/index.php?rest_route=%2Fwp%2Fv2%2Fcomments&post=2691"}],"version-history":[{"count":5,"href":"https:\/\/jazzband-berlin.org\/index.php?rest_route=\/wp\/v2\/pages\/2691\/revisions"}],"predecessor-version":[{"id":2977,"href":"https:\/\/jazzband-berlin.org\/index.php?rest_route=\/wp\/v2\/pages\/2691\/revisions\/2977"}],"wp:attachment":[{"href":"https:\/\/jazzband-berlin.org\/index.php?rest_route=%2Fwp%2Fv2%2Fmedia&parent=2691"}],"curies":[{"name":"wp","href":"https:\/\/api.w.org\/{rel}","templated":true}]}}