{"id":2413,"date":"2023-06-14T13:14:17","date_gmt":"2023-06-14T13:14:17","guid":{"rendered":"https:\/\/jazzband-berlin.org\/?page_id=2413"},"modified":"2024-12-11T10:38:49","modified_gmt":"2024-12-11T10:38:49","slug":"jazztrio","status":"publish","type":"page","link":"https:\/\/jazzband-berlin.org\/?page_id=2413","title":{"rendered":"Jazztrio Berlin"},"content":{"rendered":"\n<div class=\"wp-block-columns is-layout-flex wp-container-core-columns-is-layout-1 wp-block-columns-is-layout-flex\">\n<div class=\"wp-block-column is-layout-flow wp-block-column-is-layout-flow\" style=\"flex-basis:33.33%\">\n<p class=\"has-black-color has-text-color has-medium-font-size\">Das JAZZTRIO-BERLIN ist die perfekte Band f\u00fcr die dezente und stilvolle musikalische Untermalung ihrer gro\u00dfen und wichtigen Tage, wie Hochzeiten, Jubil\u00e4en, Familienfeiern, Firmenpr\u00e4sentationen, Galaveranstaltungen, Gesch\u00e4ftsessen, Preisverleihungen und anderer besonderer Events.<\/p>\n<\/div>\n\n\n\n<div class=\"wp-block-column is-layout-flow wp-block-column-is-layout-flow\" style=\"flex-basis:66.66%\">\n<figure class=\"wp-block-image size-full is-resized\"><img loading=\"lazy\" decoding=\"async\" width=\"1000\" height=\"666\" src=\"https:\/\/jazzband-berlin.org\/wp-content\/uploads\/2023\/09\/Jazztrio-Berlin-Konzertsaal-UdK-Berlin-Verband-der-Phonowirtschaft-GEMA.jpg\" alt=\"\" class=\"wp-image-2625\" style=\"width:670px;height:446px\" srcset=\"https:\/\/jazzband-berlin.org\/wp-content\/uploads\/2023\/09\/Jazztrio-Berlin-Konzertsaal-UdK-Berlin-Verband-der-Phonowirtschaft-GEMA.jpg 1000w, https:\/\/jazzband-berlin.org\/wp-content\/uploads\/2023\/09\/Jazztrio-Berlin-Konzertsaal-UdK-Berlin-Verband-der-Phonowirtschaft-GEMA-300x200.jpg 300w, https:\/\/jazzband-berlin.org\/wp-content\/uploads\/2023\/09\/Jazztrio-Berlin-Konzertsaal-UdK-Berlin-Verband-der-Phonowirtschaft-GEMA-768x511.jpg 768w, https:\/\/jazzband-berlin.org\/wp-content\/uploads\/2023\/09\/Jazztrio-Berlin-Konzertsaal-UdK-Berlin-Verband-der-Phonowirtschaft-GEMA-272x182.jpg 272w\" sizes=\"auto, (max-width: 1000px) 100vw, 1000px\" \/><\/figure>\n<\/div>\n<\/div>\n\n\n\n<p class=\"has-text-align-left has-black-color has-text-color has-medium-font-size\">Unsere Musiker haben z.T. mit&nbsp; Bands und K\u00fcnstler wie Caterina Valente, Dave Brubeck, Stephan\u00e8 Grapelli, Eartha Kitt, Udo J\u00fcrgens, Gloria Gaynor, Nancy Wilson, Liza Minnelli,&nbsp;Till Br\u00f6nner, Ray Brown, Hildegard Knef, Natalie Cole, Manfred Krug, Quincy Jones, Ute Lemper, Paul Kuhn, Dionne Warwick, die Big Band des Hessischen Rundfunks, der RIAS-BIG Band u.a. gespielt!<\/p>\n\n\n\n<div class=\"wp-block-columns is-layout-flex wp-container-core-columns-is-layout-2 wp-block-columns-is-layout-flex\">\n<div class=\"wp-block-column is-layout-flow wp-block-column-is-layout-flow\">\n<figure class=\"wp-block-embed is-type-video is-provider-youtube wp-block-embed-youtube wp-embed-aspect-16-9 wp-has-aspect-ratio\"><div class=\"wp-block-embed__wrapper\">\n<iframe loading=\"lazy\" title=\"JazzTrio-Berlin - play Jazz Classics - Jazzband Berlin\" width=\"720\" height=\"405\" src=\"https:\/\/www.youtube.com\/embed\/_Wa1BdguYBs?feature=oembed\" frameborder=\"0\" allow=\"accelerometer; autoplay; clipboard-write; encrypted-media; gyroscope; picture-in-picture; web-share\" referrerpolicy=\"strict-origin-when-cross-origin\" allowfullscreen><\/iframe>\n<\/div><figcaption class=\"wp-element-caption\">The STAND-ARTS JazzTrio Berlin plays JazzClassics &#8211; Live Oct. 2024<\/figcaption><\/figure>\n<\/div>\n<\/div>\n\n\n\n<figure class=\"wp-block-embed is-type-video is-provider-youtube wp-block-embed-youtube wp-embed-aspect-16-9 wp-has-aspect-ratio\"><div class=\"wp-block-embed__wrapper\">\n<iframe loading=\"lazy\" title=\"JazzTrio-Berlin - play Swing Classics - Jazzband Berlin\" width=\"720\" height=\"405\" src=\"https:\/\/www.youtube.com\/embed\/u0i6EsIhgXk?feature=oembed\" frameborder=\"0\" allow=\"accelerometer; autoplay; clipboard-write; encrypted-media; gyroscope; picture-in-picture; web-share\" referrerpolicy=\"strict-origin-when-cross-origin\" allowfullscreen><\/iframe>\n<\/div><figcaption class=\"wp-element-caption\">The STAND-ARTS JazzTrio Berlin plays SwingClassics &#8211; Live Oct. 2024<\/figcaption><\/figure>\n\n\n\n<figure class=\"wp-block-embed is-type-video is-provider-youtube wp-block-embed-youtube wp-embed-aspect-16-9 wp-has-aspect-ratio\"><div class=\"wp-block-embed__wrapper\">\n<iframe loading=\"lazy\" title=\"JazzTrio Berlin - &quot;Sandu&quot; - Live at Cl\u00e4rchens Ballhaus\" width=\"720\" height=\"405\" src=\"https:\/\/www.youtube.com\/embed\/ghmTK6YiVko?feature=oembed\" frameborder=\"0\" allow=\"accelerometer; autoplay; clipboard-write; encrypted-media; gyroscope; picture-in-picture; web-share\" referrerpolicy=\"strict-origin-when-cross-origin\" allowfullscreen><\/iframe>\n<\/div><figcaption class=\"wp-element-caption\">The STAND-ARTS JazzTrio Berlin &#8211; &#8222;Sandu&#8220; &#8211; Live at Cl\u00e4rchens Ballhaus 2023<\/figcaption><\/figure>\n\n\n\n<figure class=\"wp-block-embed is-type-video is-provider-youtube wp-block-embed-youtube wp-embed-aspect-16-9 wp-has-aspect-ratio\"><div class=\"wp-block-embed__wrapper\">\n<iframe loading=\"lazy\" title=\"JazzTrio Berlin - Cute - Jazzband Berlin\" width=\"720\" height=\"405\" src=\"https:\/\/www.youtube.com\/embed\/O_7Mwfk-UVM?feature=oembed\" frameborder=\"0\" allow=\"accelerometer; autoplay; clipboard-write; encrypted-media; gyroscope; picture-in-picture; web-share\" referrerpolicy=\"strict-origin-when-cross-origin\" allowfullscreen><\/iframe>\n<\/div><figcaption class=\"wp-element-caption\">The STAND-ARTS JazzTrio Berlin play &#8222;Cute&#8220; by Neal Hefti &#8211; Live Oct. 2024<\/figcaption><\/figure>\n\n\n\n<div class=\"wp-block-buttons is-content-justification-center is-layout-flex wp-container-core-buttons-is-layout-1 wp-block-buttons-is-layout-flex\">\n<div class=\"wp-block-button has-custom-width wp-block-button__width-75 has-custom-font-size has-large-font-size\"><a class=\"wp-block-button__link has-white-color has-text-color wp-element-button\" style=\"border-radius:25px\">www.JazzTrio-Berlin.de<\/a><\/div>\n<\/div>\n\n\n\n<figure class=\"wp-block-embed is-type-wp-embed is-provider-jazzband-berlin-stand-arts wp-block-embed-jazzband-berlin-stand-arts\"><div class=\"wp-block-embed__wrapper\">\n<blockquote class=\"wp-embedded-content\" data-secret=\"5tJi9pGvhE\"><a href=\"https:\/\/jazzband-berlin.org\/?page_id=2416\">JazzBandBerlin &#8211; Finest Jazz Swing &amp; more for your event.<\/a><\/blockquote><iframe loading=\"lazy\" class=\"wp-embedded-content\" sandbox=\"allow-scripts\" security=\"restricted\" style=\"position: absolute; visibility: hidden;\" title=\"&#8222;JazzBandBerlin &#8211; Finest Jazz Swing &amp; more for your event.&#8220; &#8212; Jazzband Berlin STAND-ARTS\" src=\"https:\/\/jazzband-berlin.org\/?page_id=2416&#038;embed=true#?secret=B6SCDmyonx#?secret=5tJi9pGvhE\" data-secret=\"5tJi9pGvhE\" width=\"600\" height=\"338\" frameborder=\"0\" marginwidth=\"0\" marginheight=\"0\" scrolling=\"no\"><\/iframe>\n<\/div><\/figure>\n\n\n\n<p>&nbsp; &nbsp;<url><br>\n&nbsp; &nbsp; &nbsp;<loc>https:\/\/jazzband-berlin.org\/?page_id=2426<\/loc><br>\n<\/url><br>\n&nbsp; &nbsp;<url><br>\n&nbsp; &nbsp; &nbsp;<loc>https:\/\/jazzband-berlin.org\/?page_id=2413<\/loc><br>\n&nbsp; &nbsp;<\/url><\/p>\n","protected":false},"excerpt":{"rendered":"<p>Das JAZZTRIO-BERLIN ist die perfekte Band f\u00fcr die dezente und stilvolle musikalische Untermalung ihrer gro\u00dfen und wichtigen Tage, wie Hochzeiten, Jubil\u00e4en, Familienfeiern, Firmenpr\u00e4sentationen, Galaveranstaltungen, Gesch\u00e4ftsessen, Preisverleihungen und anderer besonderer Events. Unsere Musiker haben z.T. mit&nbsp; Bands und K\u00fcnstler wie Caterina Valente, Dave Brubeck, Stephan\u00e8 Grapelli, Eartha Kitt, Udo J\u00fcrgens, Gloria Gaynor, Nancy Wilson, Liza Minnelli,&nbsp;Till [&hellip;]<\/p>\n","protected":false},"author":1,"featured_media":0,"parent":0,"menu_order":0,"comment_status":"closed","ping_status":"closed","template":"","meta":{"om_disable_all_campaigns":false,"_monsterinsights_skip_tracking":false,"_monsterinsights_sitenote_active":false,"_monsterinsights_sitenote_note":"","_monsterinsights_sitenote_category":0,"_themeisle_gutenberg_block_has_review":false,"footnotes":""},"class_list":["post-2413","page","type-page","status-publish","hentry","post"],"aioseo_notices":[],"_links":{"self":[{"href":"https:\/\/jazzband-berlin.org\/index.php?rest_route=\/wp\/v2\/pages\/2413","targetHints":{"allow":["GET"]}}],"collection":[{"href":"https:\/\/jazzband-berlin.org\/index.php?rest_route=\/wp\/v2\/pages"}],"about":[{"href":"https:\/\/jazzband-berlin.org\/index.php?rest_route=\/wp\/v2\/types\/page"}],"author":[{"embeddable":true,"href":"https:\/\/jazzband-berlin.org\/index.php?rest_route=\/wp\/v2\/users\/1"}],"replies":[{"embeddable":true,"href":"https:\/\/jazzband-berlin.org\/index.php?rest_route=%2Fwp%2Fv2%2Fcomments&post=2413"}],"version-history":[{"count":21,"href":"https:\/\/jazzband-berlin.org\/index.php?rest_route=\/wp\/v2\/pages\/2413\/revisions"}],"predecessor-version":[{"id":2993,"href":"https:\/\/jazzband-berlin.org\/index.php?rest_route=\/wp\/v2\/pages\/2413\/revisions\/2993"}],"wp:attachment":[{"href":"https:\/\/jazzband-berlin.org\/index.php?rest_route=%2Fwp%2Fv2%2Fmedia&parent=2413"}],"curies":[{"name":"wp","href":"https:\/\/api.w.org\/{rel}","templated":true}]}}