{"id":2285,"date":"2023-06-02T13:50:32","date_gmt":"2023-06-02T13:50:32","guid":{"rendered":"https:\/\/jazzband-berlin.org\/?page_id=2285"},"modified":"2023-09-27T09:10:36","modified_gmt":"2023-09-27T09:10:36","slug":"kontakt-booking","status":"publish","type":"page","link":"https:\/\/jazzband-berlin.org\/?page_id=2285","title":{"rendered":"Kontakt &#038; Booking"},"content":{"rendered":"\n<p>Buchen Sie STAND-ARTS die Jazzband &#8211; Swingband f\u00fcr stilvollen Eventjazz tanzbaren Swing &amp; Groove &#8211; Coolen Blues und dezente Balladen<\/p>\n\n\n\n<div class=\"wp-block-cover alignfull has-custom-content-position is-position-top-center\" style=\"min-height:50vh;aspect-ratio:unset;\"><span aria-hidden=\"true\" class=\"wp-block-cover__background has-black-background-color has-background-dim-100 has-background-dim\"><\/span><div class=\"wp-block-cover__inner-container is-layout-flow wp-block-cover-is-layout-flow\">\n<div class=\"wp-block-media-text alignwide is-stacked-on-mobile is-vertically-aligned-center is-image-fill\" style=\"grid-template-columns:56% auto\"><figure class=\"wp-block-media-text__media\" style=\"background-image:url(https:\/\/jazzband-berlin.org\/wp-content\/uploads\/2023\/06\/cropped-DB106104-edited-1024x1024.jpg);background-position:50% 50%\"><img loading=\"lazy\" decoding=\"async\" width=\"1024\" height=\"1024\" src=\"https:\/\/jazzband-berlin.org\/wp-content\/uploads\/2023\/06\/cropped-DB106104-edited-1024x1024.jpg\" alt=\"\" class=\"wp-image-2546 size-full\" srcset=\"https:\/\/jazzband-berlin.org\/wp-content\/uploads\/2023\/06\/cropped-DB106104-edited-1024x1024.jpg 1024w, https:\/\/jazzband-berlin.org\/wp-content\/uploads\/2023\/06\/cropped-DB106104-edited-300x300.jpg 300w, https:\/\/jazzband-berlin.org\/wp-content\/uploads\/2023\/06\/cropped-DB106104-edited-150x150.jpg 150w, https:\/\/jazzband-berlin.org\/wp-content\/uploads\/2023\/06\/cropped-DB106104-edited-768x768.jpg 768w, https:\/\/jazzband-berlin.org\/wp-content\/uploads\/2023\/06\/cropped-DB106104-edited.jpg 1331w\" sizes=\"auto, (max-width: 1024px) 100vw, 1024px\" \/><\/figure><div class=\"wp-block-media-text__content\">\n<h2 class=\"wp-block-heading has-white-color has-text-color\" style=\"font-size:34px;font-style:normal;font-weight:300;text-transform:capitalize\">Kontakt &amp; Booking<\/h2>\n\n\n\n<p class=\"has-medium-font-size\">Sehr gerne erstelle ich Ihnen ein ganz individuell auf Ihre Feier oder Veranstaltung zugeschnittens Angebot. F\u00fcr Ihre Fragen, Anregungen und Vorschl\u00e4ge stehe ich Ihnen via Email und telefonisch zur Verf\u00fcgung. Ich freue mich auf Ihre Nachricht.<\/p>\n\n\n\n<p class=\"has-medium-font-size\">Herzliche Gr\u00fc\u00dfe Andreas G\u00e4bel<\/p>\n\n\n\n<p class=\"has-medium-font-size\">+49 030 332 1999<\/p>\n\n\n\n<p class=\"has-medium-font-size\">+49 (0) 160 979 07 104<\/p>\n\n\n\n<p class=\"has-medium-font-size\">mail@stand-arts.de<\/p>\n\n\n\n<div class=\"wp-block-buttons is-layout-flex wp-block-buttons-is-layout-flex\">\n<div class=\"wp-block-button has-custom-width wp-block-button__width-100 is-style-fill\"><a class=\"wp-block-button__link has-background wp-element-button\" href=\"http:\/\/jazz-trio-berlin.de\/kontakt-booking\/\" style=\"background:linear-gradient(135deg,rgb(254,205,165) 0%,rgb(254,45,45) 0%,rgb(107,0,62) 100%)\">Impressum &amp; Datenschutz<\/a><\/div>\n<\/div>\n<\/div><\/div>\n<\/div><\/div>\n\n\n\n<p class=\"has-white-color has-black-background-color has-text-color has-background has-medium-font-size\"><strong>STAND-ARTS<\/strong>&nbsp;sind eine der renommiertesten und versiertesten Jazz- &amp; Swingbands Deutschlands.Die Band verf\u00fcgt \u00fcber die besten Referenzen und hat sich seit 2002 die stilvolle und professionelle musikalische Umrahmung von gehobenen Events und Feierlichkeiten zur Aufgabe gemacht, sie spielt in verschiedenen Besetzungsvarianten, als Duo, als Trio, Quartett oder Quintett, Instrumental und mit Gesang ganz wie Sie es w\u00fcnschen und der Rahmen ihrer Veranstaltung oder Feier verlangt. STAND-ARTS sind bundesweit buchbar und sind seit vielen Jahren regelm\u00e4\u00dfig zwischen Events &#8211; Konzertb\u00fchnen bishin zu Wohnzimmerkonzerten unterwegs. Die international besetzte Band bietet eine breite Palette verschiedener musikalischer Stilistiken an.<\/p>\n\n\n\n<div class=\"wp-block-buttons is-layout-flex wp-block-buttons-is-layout-flex\">\n<div class=\"wp-block-button has-custom-width wp-block-button__width-100\"><a class=\"wp-block-button__link has-white-color has-text-color has-background wp-element-button\" href=\"https:\/\/jazzband-berlin.org\/\" style=\"background:linear-gradient(135deg,rgb(254,205,165) 0%,rgb(254,45,45) 38%,rgb(107,0,62) 68%)\">Besetzungen &#8211; Home<\/a><\/div>\n<\/div>\n","protected":false},"excerpt":{"rendered":"<p>Buchen Sie STAND-ARTS die Jazzband &#8211; Swingband f\u00fcr stilvollen Eventjazz tanzbaren Swing &amp; Groove &#8211; Coolen Blues und dezente Balladen STAND-ARTS&nbsp;sind eine der renommiertesten und versiertesten Jazz- &amp; Swingbands Deutschlands.Die Band verf\u00fcgt \u00fcber die besten Referenzen und hat sich seit 2002 die stilvolle und professionelle musikalische Umrahmung von gehobenen Events und Feierlichkeiten zur Aufgabe gemacht, [&hellip;]<\/p>\n","protected":false},"author":1,"featured_media":0,"parent":0,"menu_order":0,"comment_status":"closed","ping_status":"closed","template":"","meta":{"om_disable_all_campaigns":false,"_monsterinsights_skip_tracking":false,"_monsterinsights_sitenote_active":false,"_monsterinsights_sitenote_note":"","_monsterinsights_sitenote_category":0,"_themeisle_gutenberg_block_has_review":false,"footnotes":""},"class_list":["post-2285","page","type-page","status-publish","hentry","post"],"aioseo_notices":[],"_links":{"self":[{"href":"https:\/\/jazzband-berlin.org\/index.php?rest_route=\/wp\/v2\/pages\/2285","targetHints":{"allow":["GET"]}}],"collection":[{"href":"https:\/\/jazzband-berlin.org\/index.php?rest_route=\/wp\/v2\/pages"}],"about":[{"href":"https:\/\/jazzband-berlin.org\/index.php?rest_route=\/wp\/v2\/types\/page"}],"author":[{"embeddable":true,"href":"https:\/\/jazzband-berlin.org\/index.php?rest_route=\/wp\/v2\/users\/1"}],"replies":[{"embeddable":true,"href":"https:\/\/jazzband-berlin.org\/index.php?rest_route=%2Fwp%2Fv2%2Fcomments&post=2285"}],"version-history":[{"count":11,"href":"https:\/\/jazzband-berlin.org\/index.php?rest_route=\/wp\/v2\/pages\/2285\/revisions"}],"predecessor-version":[{"id":2808,"href":"https:\/\/jazzband-berlin.org\/index.php?rest_route=\/wp\/v2\/pages\/2285\/revisions\/2808"}],"wp:attachment":[{"href":"https:\/\/jazzband-berlin.org\/index.php?rest_route=%2Fwp%2Fv2%2Fmedia&parent=2285"}],"curies":[{"name":"wp","href":"https:\/\/api.w.org\/{rel}","templated":true}]}}